{"id":2109,"date":"2022-01-24T14:42:07","date_gmt":"2022-01-24T14:42:07","guid":{"rendered":"https:\/\/elearning.resilientpreschools.eu\/sample-page\/"},"modified":"2022-01-24T14:42:07","modified_gmt":"2022-01-24T14:42:07","slug":"sample-page","status":"publish","type":"page","link":"https:\/\/elearning.resilientpreschools.eu\/cs\/sample-page\/","title":{"rendered":"Sample Page"},"content":{"rendered":"<div><div class=\"cardet_analytics_div\"><h3 class='registered_users'>Registered Users: 219<\/h3>\t\r\n\t<h2 class=\"uk-h2\">P\u0159\u00edru\u010dka<\/h2>\r\n\t<h5 class=\"uk-h5\">Completed by 0 users<\/h5>\r\n\t<table class=\"uk-table uk-table-hover uk-table-divider cardet_analytics_table\">\r\n    <thead>\r\n        <tr>\r\n            <th>Title<\/th>\r\n            <th>Type<\/th>\r\n            <th>Downloads\/Completions<\/th>\r\n        <\/tr>\r\n    <\/thead>\r\n    <tbody> \r\n\t\t<\/tbody>\r\n\t<\/table>\r\n\t\r\n\t\t\r\n\t<h2 class=\"uk-h2\">\u0160kolic\u00ed bal\u00ed\u010dek<\/h2>\r\n\t<h5 class=\"uk-h5\">Completed by 32 users<\/h5>\r\n\t<table class=\"uk-table uk-table-hover uk-table-divider cardet_analytics_table\">\r\n    <thead>\r\n        <tr>\r\n            <th>Title<\/th>\r\n            <th>Type<\/th>\r\n            <th>Downloads\/Completions<\/th>\r\n        <\/tr>\r\n    <\/thead>\r\n    <tbody> \r\n\t\t\t<tr class=\"lesson-tr\">\r\n\t\t\t<td>Resilience &amp; Mindfulness<\/td>\r\n\t\t\t<td>Module<\/td>\r\n\t\t\t<td>36<\/td>\r\n\t\t<\/tr>\r\n\t\t\t\t<tr class=\"topic-tr\">\r\n\t\t\t<td><span uk-icon=\"arrow-right\"><\/span>Resilience &#038; Mindfulness<\/td>\r\n\t\t\t<td>SCORM<\/td>\r\n\t\t\t<td>44<\/td>\r\n\t\t<\/tr>\r\n\t\t\t\t<tr class=\"quiz-tr\">\r\n\t\t\r\n\t\t\t<td><span uk-icon=\"arrow-right\"><\/span>Kv\u00edz<\/td>\r\n\t\t\t<td>Quiz<\/td>\r\n\t\t\t<td>0<\/td>\r\n\t\t<\/tr>\r\n\t\t\t\t<tr class=\"lesson-tr\">\r\n\t\t\t<td>Siln\u00e9 str\u00e1nky osobnosti &#038; hodnoty<\/td>\r\n\t\t\t<td>Module<\/td>\r\n\t\t\t<td>36<\/td>\r\n\t\t<\/tr>\r\n\t\t\t\t<tr class=\"topic-tr\">\r\n\t\t\t<td><span uk-icon=\"arrow-right\"><\/span>Siln\u00e9 str\u00e1nky osobnosti &#038; hodnoty<\/td>\r\n\t\t\t<td>SCORM<\/td>\r\n\t\t\t<td>40<\/td>\r\n\t\t<\/tr>\r\n\t\t\t\t<tr class=\"quiz-tr\">\r\n\t\t\r\n\t\t\t<td><span uk-icon=\"arrow-right\"><\/span>Kv\u00edz<\/td>\r\n\t\t\t<td>Quiz<\/td>\r\n\t\t\t<td>0<\/td>\r\n\t\t<\/tr>\r\n\t\t\t\t<tr class=\"lesson-tr\">\r\n\t\t\t<td>Pozitivn\u00ed emoce<\/td>\r\n\t\t\t<td>Module<\/td>\r\n\t\t\t<td>35<\/td>\r\n\t\t<\/tr>\r\n\t\t\t\t<tr class=\"topic-tr\">\r\n\t\t\t<td><span uk-icon=\"arrow-right\"><\/span>Pozitivn\u00ed emoce<\/td>\r\n\t\t\t<td>SCORM<\/td>\r\n\t\t\t<td>40<\/td>\r\n\t\t<\/tr>\r\n\t\t\t\t<tr class=\"quiz-tr\">\r\n\t\t\r\n\t\t\t<td><span uk-icon=\"arrow-right\"><\/span>Kv\u00edz<\/td>\r\n\t\t\t<td>Quiz<\/td>\r\n\t\t\t<td>0<\/td>\r\n\t\t<\/tr>\r\n\t\t\t\t<tr class=\"lesson-tr\">\r\n\t\t\t<td>Pozitivn\u00ed vztahy<\/td>\r\n\t\t\t<td>Module<\/td>\r\n\t\t\t<td>33<\/td>\r\n\t\t<\/tr>\r\n\t\t\t\t<tr class=\"topic-tr\">\r\n\t\t\t<td><span uk-icon=\"arrow-right\"><\/span>Pozitivn\u00ed vztahy<\/td>\r\n\t\t\t<td>SCORM<\/td>\r\n\t\t\t<td>36<\/td>\r\n\t\t<\/tr>\r\n\t\t\t\t<tr class=\"quiz-tr\">\r\n\t\t\r\n\t\t\t<td><span uk-icon=\"arrow-right\"><\/span>Kv\u00edz<\/td>\r\n\t\t\t<td>Quiz<\/td>\r\n\t\t\t<td>0<\/td>\r\n\t\t<\/tr>\r\n\t\t\t\t<tr class=\"lesson-tr\">\r\n\t\t\t<td>\u00dasp\u011bch &amp; sebev\u011bdom\u00ed<\/td>\r\n\t\t\t<td>Module<\/td>\r\n\t\t\t<td>32<\/td>\r\n\t\t<\/tr>\r\n\t\t\t\t<tr class=\"topic-tr\">\r\n\t\t\t<td><span uk-icon=\"arrow-right\"><\/span>\u00dasp\u011bch &#038; sebev\u011bdom\u00ed<\/td>\r\n\t\t\t<td>SCORM<\/td>\r\n\t\t\t<td>35<\/td>\r\n\t\t<\/tr>\r\n\t\t\t\t<tr class=\"quiz-tr\">\r\n\t\t\r\n\t\t\t<td><span uk-icon=\"arrow-right\"><\/span>Kv\u00edz<\/td>\r\n\t\t\t<td>Quiz<\/td>\r\n\t\t\t<td>0<\/td>\r\n\t\t<\/tr>\r\n\t\t\t<\/tbody>\r\n\t<\/table>\r\n\t\r\n\t<\/div>  <\/div>\n<p><!--more--><br \/>\n<!-- {\"type\":\"layout\",\"children\":[{\"type\":\"section\",\"props\":{\"style\":\"default\",\"width\":\"default\",\"vertical_align\":\"middle\",\"title_position\":\"top-left\",\"title_rotation\":\"left\",\"title_breakpoint\":\"xl\",\"image_position\":\"center-center\"},\"children\":[{\"type\":\"row\",\"children\":[{\"type\":\"column\",\"props\":{\"position_sticky_breakpoint\":\"m\",\"image_position\":\"center-center\",\"media_overlay_gradient\":\"\"},\"children\":[{\"type\":\"text\",\"props\":{\"margin\":\"default\",\"column_breakpoint\":\"m\",\"content\":\"[cardet_topics_analytics]  \"}}]}]}]}],\"version\":\"2.7.16\"} --><\/p>\n","protected":false},"excerpt":{"rendered":"","protected":false},"author":1,"featured_media":0,"parent":0,"menu_order":0,"comment_status":"closed","ping_status":"open","template":"","meta":{"_acf_changed":false,"inline_featured_image":false,"footnotes":""},"class_list":["post-2109","page","type-page","status-publish","hentry"],"acf":[],"_links":{"self":[{"href":"https:\/\/elearning.resilientpreschools.eu\/cs\/wp-json\/wp\/v2\/pages\/2109","targetHints":{"allow":["GET"]}}],"collection":[{"href":"https:\/\/elearning.resilientpreschools.eu\/cs\/wp-json\/wp\/v2\/pages"}],"about":[{"href":"https:\/\/elearning.resilientpreschools.eu\/cs\/wp-json\/wp\/v2\/types\/page"}],"author":[{"embeddable":true,"href":"https:\/\/elearning.resilientpreschools.eu\/cs\/wp-json\/wp\/v2\/users\/1"}],"replies":[{"embeddable":true,"href":"https:\/\/elearning.resilientpreschools.eu\/cs\/wp-json\/wp\/v2\/comments?post=2109"}],"version-history":[{"count":0,"href":"https:\/\/elearning.resilientpreschools.eu\/cs\/wp-json\/wp\/v2\/pages\/2109\/revisions"}],"wp:attachment":[{"href":"https:\/\/elearning.resilientpreschools.eu\/cs\/wp-json\/wp\/v2\/media?parent=2109"}],"curies":[{"name":"wp","href":"https:\/\/api.w.org\/{rel}","templated":true}]}}